{"id":9,"date":"2012-07-22T18:32:13","date_gmt":"2012-07-22T18:32:13","guid":{"rendered":"http:\/\/floskelmaschine.de\/wptest1\/?page_id=9"},"modified":"2012-07-22T18:32:13","modified_gmt":"2012-07-22T18:32:13","slug":"impressum","status":"publish","type":"page","link":"https:\/\/koki-neustadt.de\/?page_id=9","title":{"rendered":"Impressum"},"content":{"rendered":"<p>Sylvia Blankenburg<br \/>\nKOMMUNALES KINO \u00b7 Am Hafensteig 5 \u00b7 23730 Neustadt\/i.H.<br \/>\nTel. 04561 17425<br \/>\nE-Mail: <a href=\"mailto:koki.neustadt@gmx.de\">koki.neustadt@gmx.de<\/a><strong><br \/>\n<\/strong><\/p>\n<p>&nbsp;<\/p>\n<p>Trotz sorgf\u00e4ltiger inhaltlicher Kontrolle \u00fcbernehmen wir keine Haftung f\u00fcr die Inhalte externer Links. F\u00fcr den Inhalt der verlinkten Seiten sind ausschlie\u00dflich deren Betreiber verantwortlich.<\/p>\n","protected":false},"excerpt":{"rendered":"<p>Sylvia Blankenburg KOMMUNALES KINO \u00b7 Am Hafensteig 5 \u00b7 23730 Neustadt\/i.H. Tel. 04561 17425 E-Mail: koki.neustadt@gmx.de &nbsp; Trotz sorgf\u00e4ltiger inhaltlicher Kontrolle \u00fcbernehmen wir keine Haftung f\u00fcr die Inhalte externer Links. F\u00fcr den Inhalt der verlinkten Seiten sind ausschlie\u00dflich deren Betreiber &hellip; <a href=\"https:\/\/koki-neustadt.de\/?page_id=9\">Weiterlesen <span class=\"meta-nav\">&rarr;<\/span><\/a><\/p>\n","protected":false},"author":1,"featured_media":0,"parent":0,"menu_order":0,"comment_status":"closed","ping_status":"closed","template":"","meta":{"footnotes":""},"class_list":["post-9","page","type-page","status-publish","hentry"],"_links":{"self":[{"href":"https:\/\/koki-neustadt.de\/index.php?rest_route=\/wp\/v2\/pages\/9","targetHints":{"allow":["GET"]}}],"collection":[{"href":"https:\/\/koki-neustadt.de\/index.php?rest_route=\/wp\/v2\/pages"}],"about":[{"href":"https:\/\/koki-neustadt.de\/index.php?rest_route=\/wp\/v2\/types\/page"}],"author":[{"embeddable":true,"href":"https:\/\/koki-neustadt.de\/index.php?rest_route=\/wp\/v2\/users\/1"}],"replies":[{"embeddable":true,"href":"https:\/\/koki-neustadt.de\/index.php?rest_route=%2Fwp%2Fv2%2Fcomments&post=9"}],"version-history":[{"count":0,"href":"https:\/\/koki-neustadt.de\/index.php?rest_route=\/wp\/v2\/pages\/9\/revisions"}],"wp:attachment":[{"href":"https:\/\/koki-neustadt.de\/index.php?rest_route=%2Fwp%2Fv2%2Fmedia&parent=9"}],"curies":[{"name":"wp","href":"https:\/\/api.w.org\/{rel}","templated":true}]}}