{"id":39,"date":"2012-07-23T06:58:33","date_gmt":"2012-07-23T06:58:33","guid":{"rendered":"http:\/\/floskelmaschine.de\/wptest1\/?page_id=39"},"modified":"2025-07-03T20:36:09","modified_gmt":"2025-07-03T20:36:09","slug":"uber-uns","status":"publish","type":"page","link":"https:\/\/koki-neustadt.de\/?page_id=39","title":{"rendered":"\u00dcber uns"},"content":{"rendered":"<h4><\/h4>\n<h1>Preisgekr\u00f6ntes Kino f\u00fcr alle in Neustadt<\/h1>\n<h4><a href=\"https:\/\/koki-neustadt.de\/wp-content\/uploads\/2025\/06\/QueerCinema_KommunalesKinoNeustadt-scaled.jpeg\"><img loading=\"lazy\" decoding=\"async\" class=\"alignleft size-full wp-image-2485\" src=\"https:\/\/koki-neustadt.de\/wp-content\/uploads\/2025\/06\/QueerCinema_KommunalesKinoNeustadt-scaled.jpeg\" alt=\"\" width=\"2560\" height=\"1707\" srcset=\"https:\/\/koki-neustadt.de\/wp-content\/uploads\/2025\/06\/QueerCinema_KommunalesKinoNeustadt-scaled.jpeg 2560w, https:\/\/koki-neustadt.de\/wp-content\/uploads\/2025\/06\/QueerCinema_KommunalesKinoNeustadt-300x200.jpeg 300w, https:\/\/koki-neustadt.de\/wp-content\/uploads\/2025\/06\/QueerCinema_KommunalesKinoNeustadt-1024x683.jpeg 1024w, https:\/\/koki-neustadt.de\/wp-content\/uploads\/2025\/06\/QueerCinema_KommunalesKinoNeustadt-768x512.jpeg 768w, https:\/\/koki-neustadt.de\/wp-content\/uploads\/2025\/06\/QueerCinema_KommunalesKinoNeustadt-1536x1024.jpeg 1536w, https:\/\/koki-neustadt.de\/wp-content\/uploads\/2025\/06\/QueerCinema_KommunalesKinoNeustadt-2048x1365.jpeg 2048w\" sizes=\"auto, (max-width: 2560px) 100vw, 2560px\" \/><\/a>Jurorin Linde Fr\u00f6hlich (links) und Staatssekret\u00e4r Guido Wendt (rechts) gratulierten den Preistr\u00e4gerinnen vom KoKi Neustadt und Queer Cinema L\u00fcbeck im Lichtblick Kino in Heide.<\/h4>\n<h4>Wunderbar! Das Kommunale Kino Neustadt ist f\u00fcr sein Kinoprogramm 2024 ausgezeichnet worden. Im Lichtblick Kino in Heide bekam das KoKi den mit 3500 Euro dotierten Kinopreis in der Kategorie &#8222;Kino f\u00fcr alle&#8220;, gemeinsam mit dem Queer Cinema aus L\u00fcbeck. Die Entscheidung der Jury begr\u00fcndete Jurorin Linde Fr\u00f6hlich so:&#8220;\u201eKino f\u00fcr alle\u201c \u2026 das klingt nach Mainstream und Beliebigkeit und v\u00f6llig deplatziert in einer zunehmend fragmentierten Gesellschaft, in der man individuelle Besonderheit oder Gruppenidentit\u00e4t betont, sich von anderen abgrenzt oder ihnen aus dem Weg geht. Doch einige Kinos im Land sehen ihre Chance und Aufgabe explizit darin, Menschen zusammenzubringen unabh\u00e4ngig von Alter, Herkunft oder sozialer Situation, von Weltanschauung, sexueller Orientierung oder geschlechtlicher Identit\u00e4t. Sie wollen ihr Publikum f\u00fcr Filmkultur begeistern, sehen sich aber auch in gesellschaftlicher Verantwortung. Ihr Anliegen ist es, gegenseitige Verst\u00e4ndigung und politischen Diskurs zu f\u00f6rdern. Dazu bieten sie eine exquisite Auswahl internationaler Dokumentar- und Spielfilme, die beispielsweise tabuisierte Bereiche von Leben, Lieben und Sterben oder dunkle Kapitel der eigenen Stadtgeschichte behandeln. Sie pr\u00e4sentieren die Filme mit G\u00e4sten oder zusammen mit anderen Institutionen und Vereinigungen und sorgen in ehrenamtlichem Engagement f\u00fcr eine Atmosph\u00e4re von Sicherheit und Geborgenheit. In Zeiten, in denen die Unsicherheit w\u00e4chst, sind solche Orte wichtig f\u00fcr die Menschen au\u00dferhalb der gr\u00f6\u00dferen St\u00e4dte, die bef\u00fcrchten, von kultureller Teilhabe ausgeschlossen zu werden, und f\u00fcr soziale Gruppen, die zunehmend wieder Diskriminierung erfahren. Wir gratulieren dem Kommunalen Kino Neustadt und dem Queer Cinema L\u00fcbeck! &#8220; Um den Kinopreis hatten sich 28 gewerbliche und ehrenamtlich t\u00e4tige Kinobetreiber aus Schleswig-Holstein beworben. In f\u00fcnf Kategorien wurden 11 Preistr\u00e4ger f\u00fcr ihre Programme 2024 gek\u00fcrt.<\/h4>\n<p>&nbsp;<\/p>\n<h1><span style=\"color: #000000;\">Lustige Sommernacht der Kulturen mit Loriot<\/span><\/h1>\n<p><span style=\"color: #000000;\">Kann man in einem Leerstand ein Kino f\u00fcr einen Abend machen? Hans-Dieter Holtz kann das. In der Hochtorstra\u00dfe 7 in Neustadt zauberte der K\u00fcnstler mit wenigen Mitteln einen richtigen Kinosaal f\u00fcrs KoKi. Mit einer Leinwand und gepolsterten St\u00fchlen. Die waren in der Sommernacht der Kulturen nonstopp vollbesetzt. Ohne Pause wurden die Filmfans mit Loriots gro\u00dfer Trickfilmrevue unterhalten. Lachen garantiert. Hat Spa\u00df gemacht!<\/span><\/p>\n<p>&nbsp;<\/p>\n<p>&nbsp;<\/p>\n<h1><strong><span style=\"color: #ff0000;\">Wieder Kinopreis f\u00fcr das KoKi Neustadt!<\/span><\/strong><\/h1>\n<h3>Der gemeinn\u00fctzige Verein Kommunales Kino Neustadt z\u00e4hlte 2022 zu den 33 besten Kinobetreibern des Landes Schleswig-Holstein. F\u00fcr engagiert gute Kinoarbeit erhielt die 2. Vorsitzende Gabriela Bendfeldt im Kinocenter Rendsburg aus den H\u00e4nden des Kulturstaatssekret\u00e4rs Guido Wendt (rechts) eine Urkunde, die mit einem Preisgeld von <strong>2500 Euro<\/strong> verbunden ist. Diese erneute Auszeichnung ist f\u00fcr das KoKi ein Ansporn, mit Elan und Freude weiter qualit\u00e4tsvolle Kinoarbeit zu machen.<\/h3>\n<p>&nbsp;<\/p>\n<p>&nbsp;<\/p>\n<h3><\/h3>\n<h1>4000 ! Prima Preissegen f\u00fcrs KoKi Neustadt<\/h1>\n<h1><a href=\"https:\/\/koki-neustadt.de\/wp-content\/uploads\/2022\/09\/01_Preisverleiung-2-klein.jpg\"><img loading=\"lazy\" decoding=\"async\" class=\"alignleft size-full wp-image-2060\" src=\"https:\/\/koki-neustadt.de\/wp-content\/uploads\/2022\/09\/01_Preisverleiung-2-klein.jpg\" alt=\"\" width=\"600\" height=\"450\" srcset=\"https:\/\/koki-neustadt.de\/wp-content\/uploads\/2022\/09\/01_Preisverleiung-2-klein.jpg 600w, https:\/\/koki-neustadt.de\/wp-content\/uploads\/2022\/09\/01_Preisverleiung-2-klein-300x225.jpg 300w\" sizes=\"auto, (max-width: 600px) 100vw, 600px\" \/><\/a><\/h1>\n<h1><\/h1>\n<h1><\/h1>\n<h1><\/h1>\n<h1><\/h1>\n<h1><\/h1>\n<h1><\/h1>\n<h1><\/h1>\n<p>&nbsp;<\/p>\n<p><strong>Gro\u00dfe Freude im KoKi Neustadt.<\/strong> Wir sind erneut mit dem Kinopreis des Landes Schleswig-Holstein ausgezeichnet worden. F\u00fcr unsere &#8222;qualit\u00e4tsvolle Programmarbeit&#8220; haben wir 4000 (!) Euro erhalten. Die Urkunde, die KoKi-Schriftf\u00fchrerin Ragna Riensberg aus den H\u00e4nden von Kultusstaatssekret\u00e4r Guido Wendt (s.o.) im wundersch\u00f6nen Astra-Kino in Pl\u00f6n entgegennahm, und das fabelhafte Preisgeld motivieren uns, mit gro\u00dfem Elan unser Herbstprogramm\u00a0 auf die Leinwand zu bringen. Mit dem Kinopreis Schleswig-Holstein 2022 wurden insgesamt 100 000 Euro an die Betreiber von 31 Kinos (s.u.)im Land ausgesch\u00fcttet.<\/p>\n<p><a href=\"https:\/\/koki-neustadt.de\/wp-content\/uploads\/2022\/09\/02_Preisverleiung-klein.jpg\"><img loading=\"lazy\" decoding=\"async\" class=\"alignleft size-full wp-image-2062\" src=\"https:\/\/koki-neustadt.de\/wp-content\/uploads\/2022\/09\/02_Preisverleiung-klein.jpg\" alt=\"\" width=\"800\" height=\"533\" srcset=\"https:\/\/koki-neustadt.de\/wp-content\/uploads\/2022\/09\/02_Preisverleiung-klein.jpg 800w, https:\/\/koki-neustadt.de\/wp-content\/uploads\/2022\/09\/02_Preisverleiung-klein-300x200.jpg 300w, https:\/\/koki-neustadt.de\/wp-content\/uploads\/2022\/09\/02_Preisverleiung-klein-768x512.jpg 768w\" sizes=\"auto, (max-width: 800px) 100vw, 800px\" \/><\/a><\/p>\n<p>&nbsp;<\/p>\n<h1><\/h1>\n<h1><\/h1>\n<h1><\/h1>\n<h1><\/h1>\n<h1><\/h1>\n<h1><\/h1>\n<h1><\/h1>\n<h1><\/h1>\n<h1>Zwei KoKi-Jahre im Zeichen von Corona<\/h1>\n<h4>Motiviert haben wir seitdem weiter gemacht, aber eine Preisverleihung im gro\u00dfen Kreis der Kinobetreiber gab es dann nicht mehr. Corona war ab Fr\u00fchjahr 2020 das bestimmende, einschr\u00e4nkende Thema. Die Kinos wurden dicht gemacht, so konnte das KoKi in 2020 nur f\u00fcnf (!) Filme zeigen. Und 2021 lief es nur geringf\u00fcgig besser. Immerhin konnten wir im September das 10-j\u00e4hrige Jubil\u00e4um recht vergn\u00fcgt in der Kulturwerkstatt Forum feiern. Nach vorsichtigem Start mit nur einem Film im Monat ab Juli und begrenztem Platzangebot (zun\u00e4chst 30 dann 50 Sitzpl\u00e4tze pro Vorstellung) konnten 8 KoKi-Filme laufen. Diese Vorgaben und die verhaltene Nachfrage haben sich auf unsere Kassenlage ausgewirkt. Obwohl wir einen &#8222;Kino-Trostpreis&#8220; von 500 Euro vom Land bekommen haben, schlie\u00dft der Kassenbericht 2021 mit einem Minus von 352 Euro ab. Den Jahresbeitrag von mindestens 30 Euro hat die j\u00fcngste Mitgliederversammlung dennoch nicht erh\u00f6ht. Auch die KoKi-Karte kostet weiterhin 5 Euro. In ihren Vorstands\u00e4mtern best\u00e4tigt wurden die 1. Vorsitzende Sylvia Blankenburg,\u00a0 die 2. Vorsitzende Gabriela Bendfeldt, der Kassenwart Detlev Koch und die Beisitzerin Barbara Klawitter. Die Nachfolge von Sabine Petersen, die acht Jahre das Amt der Schriftf\u00fchrerin bestens ausf\u00fchrte, tritt Ragna Riensberg an.<\/h4>\n<h1><\/h1>\n<h1>Der 7. Kinopreis f\u00fcr das Kommunale Kino<\/h1>\n<h4>Das KoKi Neustadt bleibt in der Erfolgsspur: Zum 7. Mal hat der gemeinn\u00fctzige Verein den mit 1000 Euro dotierten Kinopreis des Landes Schleswig-Holstein bekommen. Im Capitol in Kappeln nahm unsere Schriftf\u00fchrerin Sabine Petersen aus den H\u00e4nden des Staatssekret\u00e4rs im Ministerium f\u00fcr Bildung, Wissenschaft und Kultur, Dr. Oliver Grundei die Urkunde f\u00fcr das Jahresprogramm 2018 entgegen. Wir freuen uns und machen motiviert weiter!<\/h4>\n<p><a href=\"https:\/\/koki-neustadt.de\/wp-content\/uploads\/2019\/06\/IMG_0020.jpg\"><img loading=\"lazy\" decoding=\"async\" class=\"alignleft size-full wp-image-1606\" src=\"https:\/\/koki-neustadt.de\/wp-content\/uploads\/2019\/06\/IMG_0020.jpg\" alt=\"\" width=\"4032\" height=\"3024\" srcset=\"https:\/\/koki-neustadt.de\/wp-content\/uploads\/2019\/06\/IMG_0020.jpg 4032w, https:\/\/koki-neustadt.de\/wp-content\/uploads\/2019\/06\/IMG_0020-300x225.jpg 300w, https:\/\/koki-neustadt.de\/wp-content\/uploads\/2019\/06\/IMG_0020-768x576.jpg 768w, https:\/\/koki-neustadt.de\/wp-content\/uploads\/2019\/06\/IMG_0020-1024x768.jpg 1024w\" sizes=\"auto, (max-width: 4032px) 100vw, 4032px\" \/><\/a><\/p>\n<h4><\/h4>\n<h4><\/h4>\n<h4><\/h4>\n<h4><\/h4>\n<h4><\/h4>\n<h4><\/h4>\n<h1>Der 6. Kinopreis f\u00fcr das KoKi Neustadt<\/h1>\n<h4>Das halbe Dutzend ist voll: Das Kommunale Kino (KoKi) Neustadt ist zum sechsten Mal mit dem Kinopreis des Landes Schleswig-Holstein ausgezeichnet worden. Im Studio Filmtheater am Dreiecksplatz in Kiel flimmerte der Vereinsname \u00fcber die Leinwand und der Staatssekret\u00e4r im Ministerium f\u00fcr Bildung, Wissenschaft und Kultur, Dr. Oliver Grundei (r.) \u00fcberreichte der KoKi-Vorsitzenden Sylvia Blankenburg die Urkunde f\u00fcr ein herausragendes Jahresprogramm 2017. Die Auszeichnung ist mit einem Preisgeld von 1000 Euro verbunden. Wir freuen uns \u00fcber die Ehre und das Geld und sind motiviert, weiterhin anspruchsvolles Kino zu machen.<\/h4>\n<h1>KoKi Neustadt hat den 5. Kinopreis<\/h1>\n<h4>Hurra, wir haben ihn wieder! Zum f\u00fcnften Mal in Folge hat das Land Schleswig-Holstein das Kommunale Kino (KoKi) Neustadt f\u00fcr sein hervorragendes Jahresprogramm 2016 ausgezeichnet. Den Kinopreis, also die Urkunde und den Strandhafer, nahm die 2. Vorsitzende Gabriela Bendfeldt in Husum von Kultusministerin Anke Spoorendonk \u00a0entgegen. Der gemeinn\u00fctzige Kino-Verein freut sich \u00fcber diese W\u00fcrdigung seiner ehrenamtlichen Arbeit und kann das Preisgeld von 1000 Euro f\u00fcr die weitere Programmgestaltung sehr gut gebrauchen.<\/h4>\n<h1>Kinopreis f\u00fcr das hervorragende KoKi!<\/h1>\n<h4>Zum vierten Mal in Folge ist das Kommunale Kino (KoKi) Neustadt f\u00fcr sein &#8222;hervorragendes Jahresfilmprogramm 2015&#8220; mit dem Kinopreis Schleswig-Holstein ausgezeichnet worden. Die Urkunde, die mit einem Preisgeld von 1000 Euro verbunden ist, \u00fcbergab die Ministerin f\u00fcr Justiz, Kultur und Europa Anke Spoorendonk der KoKi-Vorsitzenden Sylvia Blankenburg im sch\u00f6nen Burgtheater in Ratzeburg. Die \u00f6rtlichen Ausrichter der Preisverleihung garnierten den Preis mit einer Himbeerstaude samt Becher, die KoKi-Schriftf\u00fchrerin Sabine Petersen auf der Kinob\u00fchne in Empfang nahm.<\/h4>\n<h1><\/h1>\n<h1>\u00a0Zuschauerrekord im KoKi<\/h1>\n<h4>Mit einem Zuschauerrekord hat das Kommunale Kino Neustadt das abgelaufene Jahr abgeschlossen. Der gemeinn\u00fctzige eingetragene Verein, der 2011 zun\u00e4chst als Arbeitskreis gegr\u00fcndet wurde, \u00a0zeigte 27 Filme und begr\u00fc\u00dfte insgesamt 2314 Zuschauer. Der gute Zuspruch wirkte sich auf die solide Vereinskasse aus. Die Mitgliederversammlung, die jetzt Kino-Center Neustadt tagte und nach den Regularien den vierfach Oscar gekr\u00f6nten Spielfilm &#8222;Birdman&#8220; anschaute, w\u00e4hlte turnusgem\u00e4\u00df einen Vorstand. In ihren \u00c4mtern wurden einstimmig die 1. Vorsitzende Sylvia Blankenburg, 2. Vorsitzende Gabriela Bendfeldt, Kassenwart Detlev Koch, Schriftf\u00fchrerin Sabine Petersen und Beisitzerin Barbara Klawitter best\u00e4tigt. Die Vereinskasse werden weiterhin Ute Burmeister und Eckart Klawitter pr\u00fcfen.<\/h4>\n<h1><\/h1>\n<h1>KoKi-Fest 2015 in Gabis Garten<\/h1>\n<h4>Endlich hat es wieder geklappt und der launische Sommer 2015 hat mitgespielt: Im sch\u00f6nen Garten des zweiten Vorsitzenden Gabriela Bendfeldt in Roge trafen sich 30 Mitglieder des KoKi Neustadt, um einen entspannten und anregenden Abend ohne Kino miteinander zu verbringen. Ein gemeinsam gestaltetes Buffet und belebende Getr\u00e4nke machten das Sommerfest zu einem Vergn\u00fcgen.<\/h4>\n<h1><a href=\"https:\/\/koki-neustadt.de\/wp-content\/uploads\/2012\/07\/IMG_0146.jpg\"><img loading=\"lazy\" decoding=\"async\" class=\"alignleft size-full wp-image-913\" src=\"https:\/\/koki-neustadt.de\/wp-content\/uploads\/2012\/07\/IMG_0146.jpg\" alt=\"IMG_0146\" width=\"1600\" height=\"1200\" srcset=\"https:\/\/koki-neustadt.de\/wp-content\/uploads\/2012\/07\/IMG_0146.jpg 1600w, https:\/\/koki-neustadt.de\/wp-content\/uploads\/2012\/07\/IMG_0146-300x225.jpg 300w, https:\/\/koki-neustadt.de\/wp-content\/uploads\/2012\/07\/IMG_0146-1024x768.jpg 1024w\" sizes=\"auto, (max-width: 1600px) 100vw, 1600px\" \/><\/a><\/h1>\n<h1><span style=\"color: #ff0000;\">Ausgezeichnetes KoKi!<\/span><\/h1>\n<p><span style=\"color: #ff0000;\">Der gemeinn\u00fctzige Verein Kommunales Kino (KoKi) Neustadt freut sich \u00fcber eine gro\u00dfartige Auszeichnung: Im dritten Jahr in Folge wurde das KoKi-Programm 2014 vom Land Schleswig-Holstein f\u00fcr &#8222;herausragend&#8220; befunden und mit dem schleswig-holsteinischen Kinopreis ausgezeichnet. Die Ehrenurkunde ist mit einem Preisgeld von 1000 Euro verbunden. Das KoKi wird mit dem Geld kostenfreies Kinderkino finanzieren und Fl\u00fcchtlingen freien Eintritt in KoKi-Filme erm\u00f6glichen.<\/span><\/p>\n<h1><\/h1>\n<h1>Kurzfilme &amp; Kooperationen<\/h1>\n<h4>Weil Kurzfilme eine eigenst\u00e4n<span class=\"Apple-style-span\" style=\"color: #000000; font-size: 14px; line-height: 21px;\">dige cineastische Kunstform sind, zeigt das Kommunale Kino (KoKi) Neustadt seit August 2013 in loser Folge vor den jeweiligen Spiel- oder Dokumentarfilmen einen Kurzfilm &#8211; mit gro\u00dfem Erfolg. Der gemeinn\u00fctzige Verein sieht es auch als Bereicherung des Programms an, punktuell Kooperationen mit anderen Vereinen einzugehen. Partner waren bislang der Hospizverein \u00a0Beistand am Lebensende, der F\u00f6rderverein des Kinderzentrum Pelzerhaken und die Neust\u00e4dter Gruppe von amnesty international.<\/span><\/h4>\n<h1><span style=\"color: #000000;\">Sommerfest 2013 im Traumgarten<\/span><\/h1>\n<h3>Ein Mal im Jahr treffen sich die Mitglieder des Kommunalen Kino Neustadt au\u00dferhalb des Kino-Centers Neustadt, um im wundersch\u00f6nen Garten der 2. Vorsitzenden Gabriela Bendfeldt in Roge gemeinsam zu feiern.\u00a0Der gemeinn\u00fctzige Verein hatte diesmal weder\u00a0Kosten noch M\u00fchen gescheut, um den 40 G\u00e4sten einen in vieler Hinsicht gehaltvollen Abend zu bieten &#8211; \u00a0mit interessanten Gespr\u00e4chen, einem wunderbaren Sommerbuffet und reichlich k\u00fchlem Wein und den besten deutschen Kurzfilmen in einem eigens hergerichteten kleinen Kino in der Roger Dorfstra\u00dfe.<\/h3>\n<p style=\"color: #444444; font-family: Georgia, 'Bitstream Charter', serif; line-height: 1.5; font-size: 16px; margin-bottom: 24px;\"><img loading=\"lazy\" decoding=\"async\" class=\"alignleft size-medium wp-image-483\" style=\"color: #444444; font-family: Georgia, 'Bitstream Charter', serif; line-height: 1.5; float: left; display: inline; max-width: 100%; height: auto; margin: 4px 24px 12px 0px;\" title=\"IMG_0663\" src=\"https:\/\/koki-neustadt.de\/wp-content\/uploads\/2012\/07\/IMG_06631-300x223.jpg\" alt=\"\" width=\"300\" height=\"223\" srcset=\"https:\/\/koki-neustadt.de\/wp-content\/uploads\/2012\/07\/IMG_06631-300x223.jpg 300w, https:\/\/koki-neustadt.de\/wp-content\/uploads\/2012\/07\/IMG_06631-1024x761.jpg 1024w\" sizes=\"auto, (max-width: 300px) 100vw, 300px\" \/><\/p>\n<h3><\/h3>\n<h1><\/h1>\n<p><span class=\"Apple-style-span\" style=\"color: #000000; font-size: 29px; line-height: 43px;\">Gemeinsam macht Kino mehr Vergn\u00fcgen!<\/span><\/p>\n<p>Der Arbeitskreis Kommunales Kino Neustadt hat sich am 14.03.2011\u00a0unter dem Vereinsdach der Kulturwerkstatt Forum in Neustadt gebildet. Aus dem Arbeitskreis ist am 22.2.2012 der eingetragene, gemeinn\u00fctzige Verein Kommunales Kino Neustadt entstanden. Die Gr\u00fcndungsversammlung w\u00e4hlte einm\u00fctig den Vorstand, dem die 1. Vorsitzende Sylvia Blankenburg, die 2. Vorsitzende Gabriela Bendfeldt, der Kassenwart Detlev Koch, der Schriftf\u00fchrer Andr\u00e9 B\u00f6lter und die Beisitzerin Barbara Klawitter angeh\u00f6ren. Andr\u00e9 B\u00f6lter kandidierte 2013 nicht mehr, gew\u00e4hlte Schriftf\u00fchrerin ist seitdem Sabine Petersen.<\/p>\n<p>Ziel des von Neust\u00e4dter B\u00fcrgerinnen und B\u00fcrgern getragenen Vereins ist es, das\u00a0Kulturleben der Stadt cineastisch zu bereichern.Das KoKi Neustadt zeigt seit Mai 2011 mindestens ein Mal im Monat besondere Filme im ortsans\u00e4ssigen Kino-Center Vor dem Kremper Tor. Aufgrund der guten Resonanz hat sich der Verein entschlossen, ab Mai 2012 einen zweiten Filmtag anzubieten. Das KoKi-Atelier erm\u00f6glicht es dem Verein, in der Regel am vierten Donnerstag eines Monats zu experimentieren und vorzugsweise Dokumentarfilme zu zeigen.<\/p>\n<p>Wenn sich die M\u00f6glichkeit ergibt, werden Regisseure oder Schauspieler zur\u00a0Vorf\u00fchrung ihrer Filme eingeladen. Zu Gast im KoKi Neustadt waren bereits\u00a0der Regisseur Lars B\u00fcchel, der Schauspieler Axel Prahl, die Filmjournalistin Christa Maerker, die Regisseurin Hermine Huntgeburth, der Sozialwissenschaftler Hannes Heer, der Autor Uwe Soukup, die Filmemacherin Leslie Franke, \u00a0der Rechtsanwalt Bernhard Docke, der Diplombiologe Stefan Nehring, die Strafverteidigerin Gabriele Heinecke sowie der Athener Aktivist und Rechtsanwalt Achim Rollh\u00e4user.<\/p>\n<h4>Das KoKi Neustadt wird ehrenamtlich und nichtkommerziell betrieben.<\/h4>\n<h4>Jeder erwachsene Kinobesucher entscheidet selbst, wie viel ihm\/ihr das Kinovergn\u00fcgen\u00a0wert ist:<\/h4>\n<h4>den Sozialpreis von 3,-Euro, den Normalpreis von 5,-Euro oder<br \/>\nden F\u00f6rderpreis von 7,- Euro.<\/h4>\n","protected":false},"excerpt":{"rendered":"<p>Preisgekr\u00f6ntes Kino f\u00fcr alle in Neustadt Jurorin Linde Fr\u00f6hlich (links) und Staatssekret\u00e4r Guido Wendt (rechts) gratulierten den Preistr\u00e4gerinnen vom KoKi Neustadt und Queer Cinema L\u00fcbeck im Lichtblick Kino in Heide. Wunderbar! Das Kommunale Kino Neustadt ist f\u00fcr sein Kinoprogramm 2024 &hellip; <a href=\"https:\/\/koki-neustadt.de\/?page_id=39\">Weiterlesen <span class=\"meta-nav\">&rarr;<\/span><\/a><\/p>\n","protected":false},"author":1,"featured_media":0,"parent":0,"menu_order":0,"comment_status":"closed","ping_status":"closed","template":"","meta":{"footnotes":""},"class_list":["post-39","page","type-page","status-publish","hentry"],"_links":{"self":[{"href":"https:\/\/koki-neustadt.de\/index.php?rest_route=\/wp\/v2\/pages\/39","targetHints":{"allow":["GET"]}}],"collection":[{"href":"https:\/\/koki-neustadt.de\/index.php?rest_route=\/wp\/v2\/pages"}],"about":[{"href":"https:\/\/koki-neustadt.de\/index.php?rest_route=\/wp\/v2\/types\/page"}],"author":[{"embeddable":true,"href":"https:\/\/koki-neustadt.de\/index.php?rest_route=\/wp\/v2\/users\/1"}],"replies":[{"embeddable":true,"href":"https:\/\/koki-neustadt.de\/index.php?rest_route=%2Fwp%2Fv2%2Fcomments&post=39"}],"version-history":[{"count":72,"href":"https:\/\/koki-neustadt.de\/index.php?rest_route=\/wp\/v2\/pages\/39\/revisions"}],"predecessor-version":[{"id":2503,"href":"https:\/\/koki-neustadt.de\/index.php?rest_route=\/wp\/v2\/pages\/39\/revisions\/2503"}],"wp:attachment":[{"href":"https:\/\/koki-neustadt.de\/index.php?rest_route=%2Fwp%2Fv2%2Fmedia&parent=39"}],"curies":[{"name":"wp","href":"https:\/\/api.w.org\/{rel}","templated":true}]}}