{"id":288,"date":"2013-01-03T07:56:45","date_gmt":"2013-01-03T07:56:45","guid":{"rendered":"http:\/\/koki-neustadt.de\/?page_id=288"},"modified":"2024-08-09T09:45:28","modified_gmt":"2024-08-09T09:45:28","slug":"newsletter-bestellen","status":"publish","type":"page","link":"https:\/\/koki-neustadt.de\/?page_id=288","title":{"rendered":"Newsletter bestellen"},"content":{"rendered":"<p><span style=\"color: #000000;\">Der Verein Kommunales Kino (KoKi) Neustadt informiert \u00fcber sein Filmprogramm in Flyern, die \u00f6ffentlich in Neustadt ausliegen, in Pressemitteilungen in den \u00f6rtlichen Medien LN und reporter sowie in regelm\u00e4\u00dfigen Newslettern. Schreiben Sie uns gern unter info@koki-neustadt.de, wenn Sie in unseren E-Mail-Verteiler aufgenommen werden m\u00f6chten.<\/span><\/p>\n<p><iframe loading=\"lazy\" src=\"http:\/\/orga.koki-neustadt.de\/emailform.html\" width=\"640\" height=\"500\"><\/iframe><\/p>\n","protected":false},"excerpt":{"rendered":"<p>Der Verein Kommunales Kino (KoKi) Neustadt informiert \u00fcber sein Filmprogramm in Flyern, die \u00f6ffentlich in Neustadt ausliegen, in Pressemitteilungen in den \u00f6rtlichen Medien LN und reporter sowie in regelm\u00e4\u00dfigen Newslettern. Schreiben Sie uns gern unter info@koki-neustadt.de, wenn Sie in unseren &hellip; <a href=\"https:\/\/koki-neustadt.de\/?page_id=288\">Weiterlesen <span class=\"meta-nav\">&rarr;<\/span><\/a><\/p>\n","protected":false},"author":1,"featured_media":0,"parent":0,"menu_order":0,"comment_status":"closed","ping_status":"closed","template":"","meta":{"footnotes":""},"class_list":["post-288","page","type-page","status-publish","hentry"],"_links":{"self":[{"href":"https:\/\/koki-neustadt.de\/index.php?rest_route=\/wp\/v2\/pages\/288","targetHints":{"allow":["GET"]}}],"collection":[{"href":"https:\/\/koki-neustadt.de\/index.php?rest_route=\/wp\/v2\/pages"}],"about":[{"href":"https:\/\/koki-neustadt.de\/index.php?rest_route=\/wp\/v2\/types\/page"}],"author":[{"embeddable":true,"href":"https:\/\/koki-neustadt.de\/index.php?rest_route=\/wp\/v2\/users\/1"}],"replies":[{"embeddable":true,"href":"https:\/\/koki-neustadt.de\/index.php?rest_route=%2Fwp%2Fv2%2Fcomments&post=288"}],"version-history":[{"count":10,"href":"https:\/\/koki-neustadt.de\/index.php?rest_route=\/wp\/v2\/pages\/288\/revisions"}],"predecessor-version":[{"id":2340,"href":"https:\/\/koki-neustadt.de\/index.php?rest_route=\/wp\/v2\/pages\/288\/revisions\/2340"}],"wp:attachment":[{"href":"https:\/\/koki-neustadt.de\/index.php?rest_route=%2Fwp%2Fv2%2Fmedia&parent=288"}],"curies":[{"name":"wp","href":"https:\/\/api.w.org\/{rel}","templated":true}]}}