{"id":275,"date":"2013-01-02T11:50:26","date_gmt":"2013-01-02T11:50:26","guid":{"rendered":"http:\/\/koki-neustadt.de\/?page_id=275"},"modified":"2026-05-13T15:20:23","modified_gmt":"2026-05-13T15:20:23","slug":"aktuelles-programm","status":"publish","type":"page","link":"https:\/\/koki-neustadt.de\/","title":{"rendered":"Aktuelles Programm"},"content":{"rendered":"\r\n\r\n\r\n<h1 class=\"wp-block-heading\">\u00a0<\/h1>\r\n<p>&nbsp;<\/p>\r\n<h1>\u00a0<\/h1>\r\n<h1>Mai 2026<\/h1>\r\n<p>&nbsp;<\/p>\r\n<p>&nbsp;<\/p>\r\n<p>&nbsp;<\/p>\r\n<p><strong>Mittwoch, 27. Mai 2026, um 20 Uhr<\/strong><\/p>\r\n<p>Kino-Center . Vor dem Kremper Tor 5 . Neustadt<\/p>\r\n<h1>Gelbe Briefe<\/h1>\r\n<p><a href=\"https:\/\/koki-neustadt.de\/wp-content\/uploads\/2026\/04\/02_Gelbe-Briefe-klein.jpg\"><img loading=\"lazy\" decoding=\"async\" class=\"alignleft size-full wp-image-2641\" src=\"https:\/\/koki-neustadt.de\/wp-content\/uploads\/2026\/04\/02_Gelbe-Briefe-klein.jpg\" alt=\"\" width=\"328\" height=\"462\" srcset=\"https:\/\/koki-neustadt.de\/wp-content\/uploads\/2026\/04\/02_Gelbe-Briefe-klein.jpg 328w, https:\/\/koki-neustadt.de\/wp-content\/uploads\/2026\/04\/02_Gelbe-Briefe-klein-213x300.jpg 213w\" sizes=\"auto, (max-width: 328px) 100vw, 328px\" \/><\/a>Derya (\u00d6zg\u00fc Namal) und Aziz (Tansu Bi\u00e7er) sind ein gefeiertes K\u00fcnstlerehepaar aus Ankara. Mit ihrer 13-j\u00e4hrigen Tochter Ezgi f\u00fchren sie ein erf\u00fclltes Leben. Bis ein Vorfall bei der Premiere ihres neuen Theaterst\u00fccks alles ver\u00e4ndert. \u00dcber Nacht geraten sie ins Visier des Staates und verlieren ihre Arbeit und ihre Wohnung. Sie gehen nach Istanbul, wo sie vorl\u00e4ufig bei der Mutter von Aziz unterkommen. W\u00e4hrend sich Aziz mit Gelegenheitsjobs durchschl\u00e4gt und an seinen \u00dcberzeugungen festh\u00e4lt, sucht Derya nach einem Ausweg, der sie finanziell unabh\u00e4ngig macht. Nach und nach vergr\u00f6\u00dfert sich die Distanz zwischen ihnen und ihrer Tochter, bis sie sich zwischen ihren Wertvorstellungen und der gemeinsamen Zukunft als Familie entscheiden m\u00fcssen. \u201eGelbe Briefe\u201c wurde auf der Berlinale 2026 als bester Spielfilm mit dem Goldenen B\u00e4ren ausgezeichnet.<\/p>\r\n<p>Regie: Ilka Catak . Deutschland, Frankreich, T\u00fcrkei 2026\u00a0<\/p>\r\n<p>&nbsp;<\/p>\r\n<p>&nbsp;<\/p>\r\n<h1>Juni 2026<\/h1>\r\n<p>&nbsp;<\/p>\r\n<p>&nbsp;<\/p>\r\n<p><strong>Mittwoch, 10. Juni 2026, um 20 Uhr<\/strong><\/p>\r\n<p>Kino-Center . Vor dem Kremper Tor 5 . Neustadt<\/p>\r\n<h1>Die wilde Nordsee<\/h1>\r\n<p><a href=\"https:\/\/koki-neustadt.de\/wp-content\/uploads\/2026\/04\/01_Die-wilde-Nordsee-klein.jpg\"><img loading=\"lazy\" decoding=\"async\" class=\"alignleft size-full wp-image-2644\" src=\"https:\/\/koki-neustadt.de\/wp-content\/uploads\/2026\/04\/01_Die-wilde-Nordsee-klein.jpg\" alt=\"\" width=\"328\" height=\"462\" srcset=\"https:\/\/koki-neustadt.de\/wp-content\/uploads\/2026\/04\/01_Die-wilde-Nordsee-klein.jpg 328w, https:\/\/koki-neustadt.de\/wp-content\/uploads\/2026\/04\/01_Die-wilde-Nordsee-klein-213x300.jpg 213w\" sizes=\"auto, (max-width: 328px) 100vw, 328px\" \/><\/a>Sie ist bis zu 700 Meter tief, hat rund 570 000 Quadratkilometer Fl\u00e4che und ist seit 2009 Teil des UNESCO-Weltkulturerbes: Die Nordsee gilt nicht nur als wichtiger Handelsmarkt f\u00fcr Europa und als dicht befahrene Schifffahrtsroute, sondern auch als beliebte Urlaubsregion. Bei rund 8,2 Millionen Urlaubern allein im vergangenen Jahr in Deutschland ist die Nordsee mit ihrem Wattenmeer vielen Touristen nur allzu vertraut. Doch was sich unter dem Meeresspiegel an Leben tummelt, d\u00fcrfte auch sie \u00fcberraschen. Der Taucher und Naturfilmer Peter van Rodijnen nimmt die Zuschauer mit in ein vielf\u00e4ltiges \u00d6kosystem. Eine bunte Welt, die an Gro\u00dfbritannien, Norwegen, D\u00e4nemark, Deutschland und die Niederlande angrenzt. Die Dokumentation zeigt die Natur in ihrer Reinform und die Kombination der passenden Musik von Sven Figee mit den humorvollen Kommentaren von Rodijnen f\u00fchrt unterhaltsam durch die Meereswelt.<\/p>\r\n<p>Regie: Mark Verkerk . Niederlande, Gro\u00dfbritannien 2024 . 89 Minuten<\/p>\r\n<p>&nbsp;<\/p>\r\n<p>&nbsp;<\/p>\r\n<p><strong>Mittwoch, 24. Juni 2026 , um 20 Uhr<\/strong><\/p>\r\n<p>Kino-Center . Vor dem Kremper Tor 5 . Neustadt<\/p>\r\n<h1>Until we talk<\/h1>\r\n<p><a href=\"https:\/\/koki-neustadt.de\/wp-content\/uploads\/2026\/04\/04_Until-we-talk-klein.jpg\"><img loading=\"lazy\" decoding=\"async\" class=\"alignleft size-full wp-image-2643\" src=\"https:\/\/koki-neustadt.de\/wp-content\/uploads\/2026\/04\/04_Until-we-talk-klein.jpg\" alt=\"\" width=\"328\" height=\"462\" srcset=\"https:\/\/koki-neustadt.de\/wp-content\/uploads\/2026\/04\/04_Until-we-talk-klein.jpg 328w, https:\/\/koki-neustadt.de\/wp-content\/uploads\/2026\/04\/04_Until-we-talk-klein-213x300.jpg 213w\" sizes=\"auto, (max-width: 328px) 100vw, 328px\" \/><\/a>Bassam Aramins Tochter wurde 2007 von einem israelischen Grenzsoldaten erschossen. Rami Elhanans Tochter kam 1997 bei einem Selbstmordanschlag der Hamas in Tel Aviv ums Leben. Beide M\u00e4nner verbindet eine ungew\u00f6hnliche Freundschaft und ihr gemeinsames Engagement f\u00fcr \u201eParents Circle\u201c. Diese Organisation gibt Angeh\u00f6rigen von Opfern des Nahostkonfliktes auf beiden Seiten Gelegenheit zum Austausch, um so den Teufelskreis aus Gewalt und Gegengewalt zu durchbrechen. Bassam und Ramis Engagement wird auf die Probe gestellt, als ihre S\u00f6hne einen anderen Weg als ihre V\u00e4ter beschreiten wollen. Der Dokumentarfilm stellt die beiden Friedensaktivisten und ihre Arbeit vor.\u00a0Florian Mebes begleitete den Israeli und den Pal\u00e4stinenser 14 Jahre lang mit der Kamera. Das KoKi Neustadt zeigt \u201eUntil we talk\u201c in Kooperation mit der amnesty international-Gruppe Neustadt.<\/p>\r\n<p>Regie: Florian Mebes . Schweiz 2025 . 83 Minuten<\/p>\r\n<p>&nbsp;<\/p>\r\n<p>&nbsp;<\/p>","protected":false},"excerpt":{"rendered":"<p>\u00a0 &nbsp; \u00a0 Mai 2026 &nbsp; &nbsp; &nbsp; Mittwoch, 27. Mai 2026, um 20 Uhr Kino-Center . Vor dem Kremper Tor 5 . Neustadt Gelbe Briefe Derya (\u00d6zg\u00fc Namal) und Aziz (Tansu Bi\u00e7er) sind ein gefeiertes K\u00fcnstlerehepaar aus Ankara. Mit &hellip; <a href=\"https:\/\/koki-neustadt.de\/\">Weiterlesen <span class=\"meta-nav\">&rarr;<\/span><\/a><\/p>\n","protected":false},"author":1,"featured_media":0,"parent":0,"menu_order":0,"comment_status":"closed","ping_status":"closed","template":"","meta":{"footnotes":""},"class_list":["post-275","page","type-page","status-publish","hentry"],"_links":{"self":[{"href":"https:\/\/koki-neustadt.de\/index.php?rest_route=\/wp\/v2\/pages\/275","targetHints":{"allow":["GET"]}}],"collection":[{"href":"https:\/\/koki-neustadt.de\/index.php?rest_route=\/wp\/v2\/pages"}],"about":[{"href":"https:\/\/koki-neustadt.de\/index.php?rest_route=\/wp\/v2\/types\/page"}],"author":[{"embeddable":true,"href":"https:\/\/koki-neustadt.de\/index.php?rest_route=\/wp\/v2\/users\/1"}],"replies":[{"embeddable":true,"href":"https:\/\/koki-neustadt.de\/index.php?rest_route=%2Fwp%2Fv2%2Fcomments&post=275"}],"version-history":[{"count":1113,"href":"https:\/\/koki-neustadt.de\/index.php?rest_route=\/wp\/v2\/pages\/275\/revisions"}],"predecessor-version":[{"id":2653,"href":"https:\/\/koki-neustadt.de\/index.php?rest_route=\/wp\/v2\/pages\/275\/revisions\/2653"}],"wp:attachment":[{"href":"https:\/\/koki-neustadt.de\/index.php?rest_route=%2Fwp%2Fv2%2Fmedia&parent=275"}],"curies":[{"name":"wp","href":"https:\/\/api.w.org\/{rel}","templated":true}]}}