{"id":27,"date":"2012-07-22T19:22:49","date_gmt":"2012-07-22T19:22:49","guid":{"rendered":"http:\/\/floskelmaschine.de\/wptest1\/?page_id=27"},"modified":"2024-08-09T10:18:31","modified_gmt":"2024-08-09T10:18:31","slug":"mitglied-werden","status":"publish","type":"page","link":"https:\/\/koki-neustadt.de\/?page_id=27","title":{"rendered":"Mitglied werden"},"content":{"rendered":"<p>Gutes Kino braucht Unterst\u00fctzung<\/p>\n<h5>Der Verein KoKi\u00a0 zahlt f\u00fcr jeden seiner besonderen Filme, die im Kino-Center Neustadt gezeigt werden, Verleihgeb\u00fchren und eine Saalmiete an den Kinobetreiber. Mehr Handlungsspielraum hat der Verein, wenn das KoKi von m\u00f6glichst vielen Mitgliedern getragen wird.<br \/>\nDeshalb: Werden Sie Mitglied, unterschreiben Sie Ihre Beitrittserkl\u00e4rung einfach per E-Mai an koki.neustadt@gmx.de oder auf den Vordrucken im Buchladen &#8222;Buchstabe&#8220; Hochtorstra\u00dfe 2\u00a0in Neustadt. Der Verein KoKi Neustadt ist gemeinn\u00fctzig, Spendenquittungen k\u00f6nnen ausgestellt werden.<\/h5>\n<div>\n<h5>Der Jahresbeitrag betr\u00e4gt mindestens 30,- Euro, zahlbar per Einzugserm\u00e4chtigung oder bei der Sparkasse Holstein unter dem Kennwort KoKi auf das Konto 1891 10943 (BLZ 21352240)<br \/>\nIBAN: DE39 2135 2240 0189 1109 43<br \/>\nBIC: NOLADE21HOL<\/h5>\n<\/div>\n<div><\/div>\n<div><\/div>\n<div><\/div>\n<div><a href=\"https:\/\/koki-neustadt.de\/wp-content\/uploads\/2024\/08\/KoKi-Neustadt_Eintrittserklaerung.pdf\">KoKi Neustadt_Eintrittserkl\u00e4rung<\/a><\/div>\n<div><\/div>\n<div><a href=\"https:\/\/koki-neustadt.de\/wp-content\/uploads\/2024\/08\/KoKi-Neustadt_Einzugsermaechtigung.pdf\">KoKi Neustadt_Einzugserm\u00e4chtigung<\/a><\/div>\n","protected":false},"excerpt":{"rendered":"<p>Gutes Kino braucht Unterst\u00fctzung Der Verein KoKi\u00a0 zahlt f\u00fcr jeden seiner besonderen Filme, die im Kino-Center Neustadt gezeigt werden, Verleihgeb\u00fchren und eine Saalmiete an den Kinobetreiber. Mehr Handlungsspielraum hat der Verein, wenn das KoKi von m\u00f6glichst vielen Mitgliedern getragen wird. &hellip; <a href=\"https:\/\/koki-neustadt.de\/?page_id=27\">Weiterlesen <span class=\"meta-nav\">&rarr;<\/span><\/a><\/p>\n","protected":false},"author":1,"featured_media":0,"parent":39,"menu_order":0,"comment_status":"closed","ping_status":"closed","template":"","meta":{"footnotes":""},"class_list":["post-27","page","type-page","status-publish","hentry"],"_links":{"self":[{"href":"https:\/\/koki-neustadt.de\/index.php?rest_route=\/wp\/v2\/pages\/27","targetHints":{"allow":["GET"]}}],"collection":[{"href":"https:\/\/koki-neustadt.de\/index.php?rest_route=\/wp\/v2\/pages"}],"about":[{"href":"https:\/\/koki-neustadt.de\/index.php?rest_route=\/wp\/v2\/types\/page"}],"author":[{"embeddable":true,"href":"https:\/\/koki-neustadt.de\/index.php?rest_route=\/wp\/v2\/users\/1"}],"replies":[{"embeddable":true,"href":"https:\/\/koki-neustadt.de\/index.php?rest_route=%2Fwp%2Fv2%2Fcomments&post=27"}],"version-history":[{"count":5,"href":"https:\/\/koki-neustadt.de\/index.php?rest_route=\/wp\/v2\/pages\/27\/revisions"}],"predecessor-version":[{"id":2347,"href":"https:\/\/koki-neustadt.de\/index.php?rest_route=\/wp\/v2\/pages\/27\/revisions\/2347"}],"up":[{"embeddable":true,"href":"https:\/\/koki-neustadt.de\/index.php?rest_route=\/wp\/v2\/pages\/39"}],"wp:attachment":[{"href":"https:\/\/koki-neustadt.de\/index.php?rest_route=%2Fwp%2Fv2%2Fmedia&parent=27"}],"curies":[{"name":"wp","href":"https:\/\/api.w.org\/{rel}","templated":true}]}}